{"id":1591,"date":"2026-04-16T10:34:37","date_gmt":"2026-04-16T10:34:37","guid":{"rendered":"https:\/\/hopservicesarl.com\/?page_id=1591"},"modified":"2026-04-16T13:09:19","modified_gmt":"2026-04-16T13:09:19","slug":"collecte-de-fonds-et-paiements-sur-sites","status":"publish","type":"page","link":"https:\/\/hopservicesarl.com\/index.php\/nos-offres\/collecte-de-fonds-et-paiements-sur-sites\/","title":{"rendered":"Collecte de fonds et paiements sur sites"},"content":{"rendered":"\t\t<div data-elementor-type=\"wp-page\" data-elementor-id=\"1591\" class=\"elementor elementor-1591\" data-elementor-post-type=\"page\">\n\t\t\t\t<div class=\"elementor-element elementor-element-0b949a0 e-flex e-con-boxed jltma-glass-effect-no wcf-starter-animations-none e-con e-parent\" data-id=\"0b949a0\" data-element_type=\"container\" data-e-type=\"container\" data-settings=\"{&quot;background_background&quot;:&quot;gradient&quot;}\">\n\t\t\t\t\t<div class=\"e-con-inner\">\n\t\t<div class=\"elementor-element elementor-element-8b2b5b8 e-con-full e-flex jltma-glass-effect-no wcf-starter-animations-none e-con e-child\" data-id=\"8b2b5b8\" data-element_type=\"container\" data-e-type=\"container\">\n\t\t\t\t<div class=\"elementor-element elementor-element-c042938 elementor-widget__width-initial wcf-starter-animations-none jltma-glass-effect-no elementor-widget elementor-widget-heading\" data-id=\"c042938\" data-element_type=\"widget\" data-e-type=\"widget\" data-settings=\"{&quot;wcf_starter_animations&quot;:&quot;none&quot;,&quot;wcf_anim_duration&quot;:1000,&quot;wcf_anim_delay&quot;:0,&quot;wcf_anim_ease&quot;:&quot;ease&quot;}\" data-widget_type=\"heading.default\">\n\t\t\t\t\t<h1 class=\"elementor-heading-title elementor-size-default\">Collecte de fonds et paiements sur sites<\/h1>\t\t\t\t<\/div>\n\t\t\t\t<div class=\"elementor-element elementor-element-68f4b49 elementor-widget__width-initial wcf-starter-animations-none jltma-glass-effect-no elementor-widget elementor-widget-heading\" data-id=\"68f4b49\" data-element_type=\"widget\" data-e-type=\"widget\" data-settings=\"{&quot;wcf_starter_animations&quot;:&quot;none&quot;,&quot;wcf_anim_duration&quot;:1000,&quot;wcf_anim_delay&quot;:0,&quot;wcf_anim_ease&quot;:&quot;ease&quot;}\" data-widget_type=\"heading.default\">\n\t\t\t\t\t<h2 class=\"elementor-heading-title elementor-size-default\">L'Efficacit\u00e9 Op\u00e9rationnelle<\/h2>\t\t\t\t<\/div>\n\t\t\t\t<div class=\"elementor-element elementor-element-a209b7e elementor-widget__width-initial wcf-starter-animations-none jltma-glass-effect-no elementor-widget elementor-widget-text-editor\" data-id=\"a209b7e\" data-element_type=\"widget\" data-e-type=\"widget\" data-settings=\"{&quot;wcf_starter_animations&quot;:&quot;none&quot;,&quot;wcf_anim_duration&quot;:1000,&quot;wcf_anim_delay&quot;:0,&quot;wcf_anim_ease&quot;:&quot;ease&quot;}\" data-widget_type=\"text-editor.default\">\n\t\t\t\t\t\t\t\t\t<p>Nous accompagnons les entreprises dans la gestion s\u00e9curis\u00e9e et efficace de leurs encaissements, en proposant des solutions compl\u00e8tes de collecte de fonds et de paiement sur sites et en agences.<\/p>\t\t\t\t\t\t\t\t<\/div>\n\t\t\t\t<div class=\"elementor-element elementor-element-6aab3a1 jltma-glass-effect-no elementor-widget elementor-widget-button\" data-id=\"6aab3a1\" data-element_type=\"widget\" data-e-type=\"widget\" data-widget_type=\"button.default\">\n\t\t\t\t\t\t\t\t\t\t<a class=\"elementor-button elementor-button-link elementor-size-sm\" href=\"http:\/\/hopservicesarl.com\/index.php\/notre-reseau\/\">\n\t\t\t\t\t\t<span class=\"elementor-button-content-wrapper\">\n\t\t\t\t\t\t\t\t\t<span class=\"elementor-button-text\">Trouver l'agence la plus proche<\/span>\n\t\t\t\t\t<\/span>\n\t\t\t\t\t<\/a>\n\t\t\t\t\t\t\t\t<\/div>\n\t\t\t\t<\/div>\n\t\t<div class=\"elementor-element elementor-element-58a8dcc e-con-full e-flex jltma-glass-effect-no wcf-starter-animations-none e-con e-child\" data-id=\"58a8dcc\" data-element_type=\"container\" data-e-type=\"container\" data-settings=\"{&quot;background_background&quot;:&quot;classic&quot;}\">\n\t\t\t\t<\/div>\n\t\t\t\t\t<\/div>\n\t\t\t\t<\/div>\n\t\t<div class=\"elementor-element elementor-element-b6d9d0a e-flex e-con-boxed jltma-glass-effect-no wcf-starter-animations-none e-con e-parent\" data-id=\"b6d9d0a\" data-element_type=\"container\" data-e-type=\"container\" data-settings=\"{&quot;background_background&quot;:&quot;classic&quot;}\">\n\t\t\t\t\t<div class=\"e-con-inner\">\n\t\t\t\t<div class=\"elementor-element elementor-element-4618c7e elementor-widget__width-initial wcf-starter-animations-none jltma-glass-effect-no elementor-widget elementor-widget-heading\" data-id=\"4618c7e\" data-element_type=\"widget\" data-e-type=\"widget\" data-settings=\"{&quot;wcf_starter_animations&quot;:&quot;none&quot;,&quot;wcf_anim_duration&quot;:1000,&quot;wcf_anim_delay&quot;:0,&quot;wcf_anim_ease&quot;:&quot;ease&quot;}\" data-widget_type=\"heading.default\">\n\t\t\t\t\t<h2 class=\"elementor-heading-title elementor-size-default\">Nous proposons des solutions compl\u00e8tes en agences et sur sites.<\/h2>\t\t\t\t<\/div>\n\t\t\t\t<div class=\"elementor-element elementor-element-8016e3b wcf-starter-animations-none jltma-glass-effect-no elementor-widget elementor-widget-text-editor\" data-id=\"8016e3b\" data-element_type=\"widget\" data-e-type=\"widget\" data-settings=\"{&quot;wcf_starter_animations&quot;:&quot;none&quot;,&quot;wcf_anim_duration&quot;:1000,&quot;wcf_anim_delay&quot;:0,&quot;wcf_anim_ease&quot;:&quot;ease&quot;}\" data-widget_type=\"text-editor.default\">\n\t\t\t\t\t\t\t\t\t<p>HSS votre facilitateur des flux financiers en entreprise.<\/p>\t\t\t\t\t\t\t\t<\/div>\n\t\t<div class=\"elementor-element elementor-element-15c247c e-con-full e-flex jltma-glass-effect-no wcf-starter-animations-none e-con e-child\" data-id=\"15c247c\" data-element_type=\"container\" data-e-type=\"container\" data-settings=\"{&quot;background_background&quot;:&quot;classic&quot;}\">\n\t\t<div class=\"elementor-element elementor-element-93c9b99 e-con-full e-flex jltma-glass-effect-no wcf-starter-animations-none e-con e-child\" data-id=\"93c9b99\" data-element_type=\"container\" data-e-type=\"container\">\n\t\t\t\t<div class=\"elementor-element elementor-element-991cee9 elementor-widget__width-initial wcf-starter-animations-none jltma-glass-effect-no elementor-widget elementor-widget-heading\" data-id=\"991cee9\" data-element_type=\"widget\" data-e-type=\"widget\" data-settings=\"{&quot;wcf_starter_animations&quot;:&quot;none&quot;,&quot;wcf_anim_duration&quot;:1000,&quot;wcf_anim_delay&quot;:0,&quot;wcf_anim_ease&quot;:&quot;ease&quot;}\" data-widget_type=\"heading.default\">\n\t\t\t\t\t<h2 class=\"elementor-heading-title elementor-size-default\"> \tCollecte de fonds aupr\u00e8s des entreprises<\/h2>\t\t\t\t<\/div>\n\t\t\t\t<div class=\"elementor-element elementor-element-bf8e3e4 elementor-widget__width-initial wcf-starter-animations-none jltma-glass-effect-no elementor-widget elementor-widget-text-editor\" data-id=\"bf8e3e4\" data-element_type=\"widget\" data-e-type=\"widget\" data-settings=\"{&quot;wcf_starter_animations&quot;:&quot;none&quot;,&quot;wcf_anim_duration&quot;:1000,&quot;wcf_anim_delay&quot;:0,&quot;wcf_anim_ease&quot;:&quot;ease&quot;}\" data-widget_type=\"text-editor.default\">\n\t\t\t\t\t\t\t\t\t<p>Nous mettons \u00e0 disposition des entreprises des solutions fiables et conformes aux exigences r\u00e9glementaires pour la collecte de fonds, quelle que soit la nature des flux financiers. Nos solutions permettent d\u2019optimiser les processus d\u2019encaissement, d\u2019am\u00e9liorer la tra\u00e7abilit\u00e9 des op\u00e9rations et de r\u00e9duire les risques op\u00e9rationnels.<\/p>\t\t\t\t\t\t\t\t<\/div>\n\t\t\t\t<div class=\"elementor-element elementor-element-d442bff elementor-icon-list--layout-traditional elementor-list-item-link-full_width jltma-glass-effect-no elementor-widget elementor-widget-icon-list\" data-id=\"d442bff\" data-element_type=\"widget\" data-e-type=\"widget\" data-widget_type=\"icon-list.default\">\n\t\t\t\t\t\t\t<ul class=\"elementor-icon-list-items\">\n\t\t\t\t\t\t\t<li class=\"elementor-icon-list-item\">\n\t\t\t\t\t\t\t\t\t\t\t<span class=\"elementor-icon-list-icon\">\n\t\t\t\t\t\t\t<svg aria-hidden=\"true\" class=\"e-font-icon-svg e-fas-check\" viewBox=\"0 0 512 512\" xmlns=\"http:\/\/www.w3.org\/2000\/svg\"><path d=\"M173.898 439.404l-166.4-166.4c-9.997-9.997-9.997-26.206 0-36.204l36.203-36.204c9.997-9.998 26.207-9.998 36.204 0L192 312.69 432.095 72.596c9.997-9.997 26.207-9.997 36.204 0l36.203 36.204c9.997 9.997 9.997 26.206 0 36.204l-294.4 294.401c-9.998 9.997-26.207 9.997-36.204-.001z\"><\/path><\/svg>\t\t\t\t\t\t<\/span>\n\t\t\t\t\t\t\t\t\t\t<span class=\"elementor-icon-list-text\">Une collecte s\u00e9curis\u00e9e des fonds<\/span>\n\t\t\t\t\t\t\t\t\t<\/li>\n\t\t\t\t\t\t\t\t<li class=\"elementor-icon-list-item\">\n\t\t\t\t\t\t\t\t\t\t\t<span class=\"elementor-icon-list-icon\">\n\t\t\t\t\t\t\t<i aria-hidden=\"true\" class=\"im im-check-mark\"><\/i>\t\t\t\t\t\t<\/span>\n\t\t\t\t\t\t\t\t\t\t<span class=\"elementor-icon-list-text\">Un suivi rigoureux des transactions<\/span>\n\t\t\t\t\t\t\t\t\t<\/li>\n\t\t\t\t\t\t\t\t<li class=\"elementor-icon-list-item\">\n\t\t\t\t\t\t\t\t\t\t\t<span class=\"elementor-icon-list-icon\">\n\t\t\t\t\t\t\t<i aria-hidden=\"true\" class=\"im im-check-mark\"><\/i>\t\t\t\t\t\t<\/span>\n\t\t\t\t\t\t\t\t\t\t<span class=\"elementor-icon-list-text\">Une transparence totale dans la gestion financi\u00e8re<\/span>\n\t\t\t\t\t\t\t\t\t<\/li>\n\t\t\t\t\t\t<\/ul>\n\t\t\t\t\t\t<\/div>\n\t\t\t\t<\/div>\n\t\t<div class=\"elementor-element elementor-element-d5deb8c e-con-full e-flex jltma-glass-effect-no wcf-starter-animations-none e-con e-child\" data-id=\"d5deb8c\" data-element_type=\"container\" data-e-type=\"container\">\n\t\t\t\t<div class=\"elementor-element elementor-element-6631a4b wcf-starter-animations-none jltma-glass-effect-no elementor-widget elementor-widget-image\" data-id=\"6631a4b\" data-element_type=\"widget\" data-e-type=\"widget\" data-settings=\"{&quot;wcf_starter_animations&quot;:&quot;none&quot;,&quot;wcf_anim_duration&quot;:1000,&quot;wcf_anim_delay&quot;:0,&quot;wcf_anim_ease&quot;:&quot;ease&quot;}\" data-widget_type=\"image.default\">\n\t\t\t\t\t\t\t\t\t\t\t\t\t\t\t<img fetchpriority=\"high\" decoding=\"async\" width=\"711\" height=\"474\" src=\"https:\/\/hopservicesarl.com\/wp-content\/uploads\/2026\/04\/micheile-henderson-ZVprbBmT8QA-unsplash-711x474-1.jpg\" class=\"attachment-large size-large wp-image-1606\" alt=\"\" srcset=\"https:\/\/hopservicesarl.com\/wp-content\/uploads\/2026\/04\/micheile-henderson-ZVprbBmT8QA-unsplash-711x474-1.jpg 711w, https:\/\/hopservicesarl.com\/wp-content\/uploads\/2026\/04\/micheile-henderson-ZVprbBmT8QA-unsplash-711x474-1-300x200.jpg 300w\" sizes=\"(max-width: 711px) 100vw, 711px\" \/>\t\t\t\t\t\t\t\t\t\t\t\t\t\t\t<\/div>\n\t\t\t\t<\/div>\n\t\t\t\t<\/div>\n\t\t<div class=\"elementor-element elementor-element-0f7d65c e-con-full e-flex jltma-glass-effect-no wcf-starter-animations-none e-con e-child\" data-id=\"0f7d65c\" data-element_type=\"container\" data-e-type=\"container\" data-settings=\"{&quot;background_background&quot;:&quot;classic&quot;}\">\n\t\t<div class=\"elementor-element elementor-element-9630640 e-con-full e-flex jltma-glass-effect-no wcf-starter-animations-none e-con e-child\" data-id=\"9630640\" data-element_type=\"container\" data-e-type=\"container\">\n\t\t\t\t<div class=\"elementor-element elementor-element-e2c265a elementor-widget__width-initial wcf-starter-animations-none jltma-glass-effect-no elementor-widget elementor-widget-heading\" data-id=\"e2c265a\" data-element_type=\"widget\" data-e-type=\"widget\" data-settings=\"{&quot;wcf_starter_animations&quot;:&quot;none&quot;,&quot;wcf_anim_duration&quot;:1000,&quot;wcf_anim_delay&quot;:0,&quot;wcf_anim_ease&quot;:&quot;ease&quot;}\" data-widget_type=\"heading.default\">\n\t\t\t\t\t<h2 class=\"elementor-heading-title elementor-size-default\">Paiements sur sites et en agences<\/h2>\t\t\t\t<\/div>\n\t\t\t\t<div class=\"elementor-element elementor-element-eeb5052 elementor-widget__width-initial wcf-starter-animations-none jltma-glass-effect-no elementor-widget elementor-widget-text-editor\" data-id=\"eeb5052\" data-element_type=\"widget\" data-e-type=\"widget\" data-settings=\"{&quot;wcf_starter_animations&quot;:&quot;none&quot;,&quot;wcf_anim_duration&quot;:1000,&quot;wcf_anim_delay&quot;:0,&quot;wcf_anim_ease&quot;:&quot;ease&quot;}\" data-widget_type=\"text-editor.default\">\n\t\t\t\t\t\t\t\t\t<p>Nous proposons des solutions de paiement adapt\u00e9es aux environnements physiques, aussi bien sur sites qu\u2019en agences. Nos solutions de paiements garantissent rapidit\u00e9, fiabilit\u00e9 et s\u00e9curit\u00e9 des op\u00e9rations.<\/p>\t\t\t\t\t\t\t\t<\/div>\n\t\t\t\t<\/div>\n\t\t<div class=\"elementor-element elementor-element-e18e3c3 e-con-full e-flex jltma-glass-effect-no wcf-starter-animations-none e-con e-child\" data-id=\"e18e3c3\" data-element_type=\"container\" data-e-type=\"container\">\n\t\t\t\t<div class=\"elementor-element elementor-element-96c86f1 wcf-starter-animations-none jltma-glass-effect-no elementor-widget elementor-widget-image\" data-id=\"96c86f1\" data-element_type=\"widget\" data-e-type=\"widget\" data-settings=\"{&quot;wcf_starter_animations&quot;:&quot;none&quot;,&quot;wcf_anim_duration&quot;:1000,&quot;wcf_anim_delay&quot;:0,&quot;wcf_anim_ease&quot;:&quot;ease&quot;}\" data-widget_type=\"image.default\">\n\t\t\t\t\t\t\t\t\t\t\t\t\t\t\t<img decoding=\"async\" width=\"800\" height=\"532\" src=\"https:\/\/hopservicesarl.com\/wp-content\/uploads\/2026\/04\/2837.jpg\" class=\"attachment-large size-large wp-image-1605\" alt=\"\" srcset=\"https:\/\/hopservicesarl.com\/wp-content\/uploads\/2026\/04\/2837.jpg 1000w, https:\/\/hopservicesarl.com\/wp-content\/uploads\/2026\/04\/2837-300x200.jpg 300w, https:\/\/hopservicesarl.com\/wp-content\/uploads\/2026\/04\/2837-768x511.jpg 768w\" sizes=\"(max-width: 800px) 100vw, 800px\" \/>\t\t\t\t\t\t\t\t\t\t\t\t\t\t\t<\/div>\n\t\t\t\t<\/div>\n\t\t\t\t<\/div>\n\t\t<div class=\"elementor-element elementor-element-07f07e8 e-con-full e-flex jltma-glass-effect-no wcf-starter-animations-none e-con e-child\" data-id=\"07f07e8\" data-element_type=\"container\" data-e-type=\"container\">\n\t\t<div class=\"elementor-element elementor-element-2430046 e-con-full e-flex jltma-glass-effect-no wcf-starter-animations-none e-con e-child\" data-id=\"2430046\" data-element_type=\"container\" data-e-type=\"container\">\n\t\t\t\t<div class=\"elementor-element elementor-element-3606014 elementor-widget__width-initial wcf-starter-animations-none jltma-glass-effect-no elementor-widget elementor-widget-heading\" data-id=\"3606014\" data-element_type=\"widget\" data-e-type=\"widget\" data-settings=\"{&quot;wcf_starter_animations&quot;:&quot;none&quot;,&quot;wcf_anim_duration&quot;:1000,&quot;wcf_anim_delay&quot;:0,&quot;wcf_anim_ease&quot;:&quot;ease&quot;}\" data-widget_type=\"heading.default\">\n\t\t\t\t\t<h2 class=\"elementor-heading-title elementor-size-default\">En choisissant nos services, vous b\u00e9n\u00e9ficiez d\u2019un accompagnement personnalis\u00e9 et d\u2019une expertise reconnue. Nous nous engageons \u00e0 fournir des solutions \u00e9volutives, adapt\u00e9es aux besoins sp\u00e9cifiques de chaque entreprise.<\/h2>\t\t\t\t<\/div>\n\t\t\t\t<div class=\"elementor-element elementor-element-05ffbfc wcf-starter-animations-none jltma-glass-effect-no elementor-widget elementor-widget-text-editor\" data-id=\"05ffbfc\" data-element_type=\"widget\" data-e-type=\"widget\" data-settings=\"{&quot;wcf_starter_animations&quot;:&quot;none&quot;,&quot;wcf_anim_duration&quot;:1000,&quot;wcf_anim_delay&quot;:0,&quot;wcf_anim_ease&quot;:&quot;ease&quot;}\" data-widget_type=\"text-editor.default\">\n\t\t\t\t\t\t\t\t\t<p>Pr\u00eat \u00e0 optimiser vos encaissements ?<\/p>\t\t\t\t\t\t\t\t<\/div>\n\t\t\t\t<div class=\"elementor-element elementor-element-42e84e2 jltma-glass-effect-no elementor-widget elementor-widget-button\" data-id=\"42e84e2\" data-element_type=\"widget\" data-e-type=\"widget\" data-widget_type=\"button.default\">\n\t\t\t\t\t\t\t\t\t\t<a class=\"elementor-button elementor-button-link elementor-size-sm\" href=\"https:\/\/hopservicesarl.com\/index.php\/contact\/\">\n\t\t\t\t\t\t<span class=\"elementor-button-content-wrapper\">\n\t\t\t\t\t\t\t\t\t<span class=\"elementor-button-text\">Contacter un conseiller expert<\/span>\n\t\t\t\t\t<\/span>\n\t\t\t\t\t<\/a>\n\t\t\t\t\t\t\t\t<\/div>\n\t\t\t\t<\/div>\n\t\t\t\t<\/div>\n\t\t\t\t\t<\/div>\n\t\t\t\t<\/div>\n\t\t\t\t<\/div>\n\t\t\n    <div class=\"xs_social_share_widget xs_share_url after_content \t\tmain_content  wslu-style-1 wslu-share-box-shaped wslu-fill-colored wslu-none wslu-share-horizontal wslu-theme-font-no wslu-main_content\">\n\n\t\t\n        <ul>\n\t\t\t        <\/ul>\n    <\/div> \n","protected":false},"excerpt":{"rendered":"<p>Collecte de fonds et paiements sur sites L&rsquo;Efficacit\u00e9 Op\u00e9rationnelle Nous accompagnons les entreprises dans la gestion s\u00e9curis\u00e9e et efficace de leurs encaissements, en proposant des solutions compl\u00e8tes de collecte de fonds et de paiement sur sites et en agences. Trouver l&rsquo;agence la plus proche Nous proposons des solutions compl\u00e8tes en agences et sur sites. HSS [&hellip;]<\/p>\n","protected":false},"author":1,"featured_media":0,"parent":109,"menu_order":0,"comment_status":"closed","ping_status":"closed","template":"","meta":{"_acf_changed":false,"footnotes":""},"class_list":["post-1591","page","type-page","status-publish","hentry"],"acf":[],"_links":{"self":[{"href":"https:\/\/hopservicesarl.com\/index.php\/wp-json\/wp\/v2\/pages\/1591","targetHints":{"allow":["GET"]}}],"collection":[{"href":"https:\/\/hopservicesarl.com\/index.php\/wp-json\/wp\/v2\/pages"}],"about":[{"href":"https:\/\/hopservicesarl.com\/index.php\/wp-json\/wp\/v2\/types\/page"}],"author":[{"embeddable":true,"href":"https:\/\/hopservicesarl.com\/index.php\/wp-json\/wp\/v2\/users\/1"}],"replies":[{"embeddable":true,"href":"https:\/\/hopservicesarl.com\/index.php\/wp-json\/wp\/v2\/comments?post=1591"}],"version-history":[{"count":43,"href":"https:\/\/hopservicesarl.com\/index.php\/wp-json\/wp\/v2\/pages\/1591\/revisions"}],"predecessor-version":[{"id":1651,"href":"https:\/\/hopservicesarl.com\/index.php\/wp-json\/wp\/v2\/pages\/1591\/revisions\/1651"}],"up":[{"embeddable":true,"href":"https:\/\/hopservicesarl.com\/index.php\/wp-json\/wp\/v2\/pages\/109"}],"wp:attachment":[{"href":"https:\/\/hopservicesarl.com\/index.php\/wp-json\/wp\/v2\/media?parent=1591"}],"curies":[{"name":"wp","href":"https:\/\/api.w.org\/{rel}","templated":true}]}}