{"id":1444,"date":"2026-04-16T00:18:47","date_gmt":"2026-04-16T00:18:47","guid":{"rendered":"https:\/\/hopservicesarl.com\/?page_id=1444"},"modified":"2026-04-17T10:24:44","modified_gmt":"2026-04-17T10:24:44","slug":"paiement-des-frais-de-scolarite-dexamen-et-de-concours","status":"publish","type":"page","link":"https:\/\/hopservicesarl.com\/index.php\/nos-offres\/paiement-des-frais-de-scolarite-dexamen-et-de-concours\/","title":{"rendered":"Paiement des frais"},"content":{"rendered":"\t\t<div data-elementor-type=\"wp-page\" data-elementor-id=\"1444\" class=\"elementor elementor-1444\" data-elementor-post-type=\"page\">\n\t\t\t\t<div class=\"elementor-element elementor-element-7672f3a e-flex e-con-boxed jltma-glass-effect-no wcf-starter-animations-none e-con e-parent\" data-id=\"7672f3a\" data-element_type=\"container\" data-e-type=\"container\" data-settings=\"{&quot;background_background&quot;:&quot;gradient&quot;}\">\n\t\t\t\t\t<div class=\"e-con-inner\">\n\t\t<div class=\"elementor-element elementor-element-ad0a829 e-con-full e-flex jltma-glass-effect-no wcf-starter-animations-none e-con e-child\" data-id=\"ad0a829\" data-element_type=\"container\" data-e-type=\"container\">\n\t\t\t\t<div class=\"elementor-element elementor-element-bc6b10e elementor-widget__width-initial wcf-starter-animations-none jltma-glass-effect-no elementor-widget elementor-widget-heading\" data-id=\"bc6b10e\" data-element_type=\"widget\" data-e-type=\"widget\" data-settings=\"{&quot;wcf_starter_animations&quot;:&quot;none&quot;,&quot;wcf_anim_duration&quot;:1000,&quot;wcf_anim_delay&quot;:0,&quot;wcf_anim_ease&quot;:&quot;ease&quot;}\" data-widget_type=\"heading.default\">\n\t\t\t\t\t<h1 class=\"elementor-heading-title elementor-size-default\">Frais de Scolarit\u00e9, Examens &amp; Concours.<\/h1>\t\t\t\t<\/div>\n\t\t\t\t<div class=\"elementor-element elementor-element-d5abaf6 elementor-widget__width-initial wcf-starter-animations-none jltma-glass-effect-no elementor-widget elementor-widget-heading\" data-id=\"d5abaf6\" data-element_type=\"widget\" data-e-type=\"widget\" data-settings=\"{&quot;wcf_starter_animations&quot;:&quot;none&quot;,&quot;wcf_anim_duration&quot;:1000,&quot;wcf_anim_delay&quot;:0,&quot;wcf_anim_ease&quot;:&quot;ease&quot;}\" data-widget_type=\"heading.default\">\n\t\t\t\t\t<h2 class=\"elementor-heading-title elementor-size-default\">Assurez votre avenir sans stress<\/h2>\t\t\t\t<\/div>\n\t\t\t\t<div class=\"elementor-element elementor-element-0a1c25d elementor-widget__width-initial wcf-starter-animations-none jltma-glass-effect-no elementor-widget elementor-widget-text-editor\" data-id=\"0a1c25d\" data-element_type=\"widget\" data-e-type=\"widget\" data-settings=\"{&quot;wcf_starter_animations&quot;:&quot;none&quot;,&quot;wcf_anim_duration&quot;:1000,&quot;wcf_anim_delay&quot;:0,&quot;wcf_anim_ease&quot;:&quot;ease&quot;}\" data-widget_type=\"text-editor.default\">\n\t\t\t\t\t\t\t\t\t<p>Chez HOP, nous facilitons tous vos paiements li\u00e9s \u00e0 l\u2019\u00e9ducation et \u00e0 la formation. Gr\u00e2ce \u00e0 notre r\u00e9seau de 150 points de vente r\u00e9partis sur l\u2019ensemble du territoire national, vous pouvez r\u00e9gler vos frais en toute s\u00e9curit\u00e9, rapidement et sans contrainte.<\/p>\t\t\t\t\t\t\t\t<\/div>\n\t\t\t\t<div class=\"elementor-element elementor-element-76d1558 jltma-glass-effect-no elementor-widget elementor-widget-button\" data-id=\"76d1558\" data-element_type=\"widget\" data-e-type=\"widget\" data-widget_type=\"button.default\">\n\t\t\t\t\t\t\t\t\t\t<a class=\"elementor-button elementor-button-link elementor-size-sm\" href=\"http:\/\/hopservicesarl.com\/index.php\/notre-reseau\/\">\n\t\t\t\t\t\t<span class=\"elementor-button-content-wrapper\">\n\t\t\t\t\t\t\t\t\t<span class=\"elementor-button-text\">Trouver l'agence la plus proche<\/span>\n\t\t\t\t\t<\/span>\n\t\t\t\t\t<\/a>\n\t\t\t\t\t\t\t\t<\/div>\n\t\t\t\t<\/div>\n\t\t<div class=\"elementor-element elementor-element-1abb5a5 e-con-full e-flex jltma-glass-effect-no wcf-starter-animations-none e-con e-child\" data-id=\"1abb5a5\" data-element_type=\"container\" data-e-type=\"container\" data-settings=\"{&quot;background_background&quot;:&quot;classic&quot;}\">\n\t\t\t\t<\/div>\n\t\t\t\t\t<\/div>\n\t\t\t\t<\/div>\n\t\t<div class=\"elementor-element elementor-element-44953d2 e-flex e-con-boxed jltma-glass-effect-no wcf-starter-animations-none e-con e-parent\" data-id=\"44953d2\" data-element_type=\"container\" data-e-type=\"container\" data-settings=\"{&quot;background_background&quot;:&quot;classic&quot;}\">\n\t\t\t\t\t<div class=\"e-con-inner\">\n\t\t\t\t<div class=\"elementor-element elementor-element-fa3d01d wcf-starter-animations-none jltma-glass-effect-no elementor-widget elementor-widget-heading\" data-id=\"fa3d01d\" data-element_type=\"widget\" data-e-type=\"widget\" data-settings=\"{&quot;wcf_starter_animations&quot;:&quot;none&quot;,&quot;wcf_anim_duration&quot;:1000,&quot;wcf_anim_delay&quot;:0,&quot;wcf_anim_ease&quot;:&quot;ease&quot;}\" data-widget_type=\"heading.default\">\n\t\t\t\t\t<h2 class=\"elementor-heading-title elementor-size-default\">La Force de notre  R\u00e9seau<\/h2>\t\t\t\t<\/div>\n\t\t\t\t<div class=\"elementor-element elementor-element-9dfdece elementor-widget-divider--view-line jltma-glass-effect-no elementor-widget elementor-widget-divider\" data-id=\"9dfdece\" data-element_type=\"widget\" data-e-type=\"widget\" data-widget_type=\"divider.default\">\n\t\t\t\t\t\t\t<div class=\"elementor-divider\">\n\t\t\t<span class=\"elementor-divider-separator\">\n\t\t\t\t\t\t<\/span>\n\t\t<\/div>\n\t\t\t\t\t\t<\/div>\n\t\t<div class=\"elementor-element elementor-element-d4aad27 e-con-full e-flex jltma-glass-effect-no wcf-starter-animations-none e-con e-child\" data-id=\"d4aad27\" data-element_type=\"container\" data-e-type=\"container\">\n\t\t<div class=\"elementor-element elementor-element-d56f432 e-con-full e-flex jltma-glass-effect-no wcf-starter-animations-none e-con e-child\" data-id=\"d56f432\" data-element_type=\"container\" data-e-type=\"container\">\n\t\t\t\t<div class=\"elementor-element elementor-element-1495adf wcf-starter-animations-none jltma-glass-effect-no elementor-widget elementor-widget-heading\" data-id=\"1495adf\" data-element_type=\"widget\" data-e-type=\"widget\" data-settings=\"{&quot;wcf_starter_animations&quot;:&quot;none&quot;,&quot;wcf_anim_duration&quot;:1000,&quot;wcf_anim_delay&quot;:0,&quot;wcf_anim_ease&quot;:&quot;ease&quot;}\" data-widget_type=\"heading.default\">\n\t\t\t\t\t<h2 class=\"elementor-heading-title elementor-size-default\">+140<\/h2>\t\t\t\t<\/div>\n\t\t\t\t<div class=\"elementor-element elementor-element-0aa9baf elementor-widget__width-initial wcf-starter-animations-none jltma-glass-effect-no elementor-widget elementor-widget-text-editor\" data-id=\"0aa9baf\" data-element_type=\"widget\" data-e-type=\"widget\" data-settings=\"{&quot;wcf_starter_animations&quot;:&quot;none&quot;,&quot;wcf_anim_duration&quot;:1000,&quot;wcf_anim_delay&quot;:0,&quot;wcf_anim_ease&quot;:&quot;ease&quot;}\" data-widget_type=\"text-editor.default\">\n\t\t\t\t\t\t\t\t\t<p>Points de vente r\u00e9partis sur l&rsquo;ensemble du territoire national pour vous servir<\/p>\t\t\t\t\t\t\t\t<\/div>\n\t\t\t\t<\/div>\n\t\t<div class=\"elementor-element elementor-element-66d89d8 e-con-full e-flex jltma-glass-effect-no wcf-starter-animations-none e-con e-child\" data-id=\"66d89d8\" data-element_type=\"container\" data-e-type=\"container\">\n\t\t\t\t<div class=\"elementor-element elementor-element-679d894 wcf-starter-animations-none jltma-glass-effect-no elementor-widget elementor-widget-image\" data-id=\"679d894\" data-element_type=\"widget\" data-e-type=\"widget\" data-settings=\"{&quot;wcf_starter_animations&quot;:&quot;none&quot;,&quot;wcf_anim_duration&quot;:1000,&quot;wcf_anim_delay&quot;:0,&quot;wcf_anim_ease&quot;:&quot;ease&quot;}\" data-widget_type=\"image.default\">\n\t\t\t\t\t\t\t\t\t\t\t\t\t\t\t<img fetchpriority=\"high\" decoding=\"async\" width=\"800\" height=\"457\" src=\"https:\/\/hopservicesarl.com\/wp-content\/uploads\/2026\/04\/46a1b882-b4df-4c1c-814b-b4f53ea7ae8f-1024x585.jpg\" class=\"attachment-large size-large wp-image-1460\" alt=\"\" srcset=\"https:\/\/hopservicesarl.com\/wp-content\/uploads\/2026\/04\/46a1b882-b4df-4c1c-814b-b4f53ea7ae8f-1024x585.jpg 1024w, https:\/\/hopservicesarl.com\/wp-content\/uploads\/2026\/04\/46a1b882-b4df-4c1c-814b-b4f53ea7ae8f-300x171.jpg 300w, https:\/\/hopservicesarl.com\/wp-content\/uploads\/2026\/04\/46a1b882-b4df-4c1c-814b-b4f53ea7ae8f-768x439.jpg 768w, https:\/\/hopservicesarl.com\/wp-content\/uploads\/2026\/04\/46a1b882-b4df-4c1c-814b-b4f53ea7ae8f-1536x878.jpg 1536w, https:\/\/hopservicesarl.com\/wp-content\/uploads\/2026\/04\/46a1b882-b4df-4c1c-814b-b4f53ea7ae8f-2048x1170.jpg 2048w\" sizes=\"(max-width: 800px) 100vw, 800px\" \/>\t\t\t\t\t\t\t\t\t\t\t\t\t\t\t<\/div>\n\t\t\t\t<\/div>\n\t\t\t\t<\/div>\n\t\t\t\t\t<\/div>\n\t\t\t\t<\/div>\n\t\t<div class=\"elementor-element elementor-element-ee4f68b e-flex e-con-boxed jltma-glass-effect-no wcf-starter-animations-none e-con e-parent\" data-id=\"ee4f68b\" data-element_type=\"container\" data-e-type=\"container\" data-settings=\"{&quot;background_background&quot;:&quot;classic&quot;}\">\n\t\t\t\t\t<div class=\"e-con-inner\">\n\t\t\t\t<div class=\"elementor-element elementor-element-25be6ea wcf-starter-animations-none jltma-glass-effect-no elementor-widget elementor-widget-heading\" data-id=\"25be6ea\" data-element_type=\"widget\" data-e-type=\"widget\" data-settings=\"{&quot;wcf_starter_animations&quot;:&quot;none&quot;,&quot;wcf_anim_duration&quot;:1000,&quot;wcf_anim_delay&quot;:0,&quot;wcf_anim_ease&quot;:&quot;ease&quot;}\" data-widget_type=\"heading.default\">\n\t\t\t\t\t<h2 class=\"elementor-heading-title elementor-size-default\">Nos Domaines d'Intervention<\/h2>\t\t\t\t<\/div>\n\t\t\t\t<div class=\"elementor-element elementor-element-f31c517 elementor-widget-divider--view-line jltma-glass-effect-no elementor-widget elementor-widget-divider\" data-id=\"f31c517\" data-element_type=\"widget\" data-e-type=\"widget\" data-widget_type=\"divider.default\">\n\t\t\t\t\t\t\t<div class=\"elementor-divider\">\n\t\t\t<span class=\"elementor-divider-separator\">\n\t\t\t\t\t\t<\/span>\n\t\t<\/div>\n\t\t\t\t\t\t<\/div>\n\t\t<div class=\"elementor-element elementor-element-8675353 e-con-full e-flex jltma-glass-effect-no wcf-starter-animations-none e-con e-child\" data-id=\"8675353\" data-element_type=\"container\" data-e-type=\"container\">\n\t\t<div class=\"elementor-element elementor-element-427e5f4 e-con-full e-flex jltma-glass-effect-no wcf-starter-animations-none e-con e-child\" data-id=\"427e5f4\" data-element_type=\"container\" data-e-type=\"container\">\n\t\t\t\t<div class=\"elementor-element elementor-element-0f80d95 img-box-wrap-left wcf--image-effect-zoom-in jltma-glass-effect-no elementor-widget elementor-widget-wcf--image-box\" data-id=\"0f80d95\" data-element_type=\"widget\" data-e-type=\"widget\" data-widget_type=\"wcf--image-box.default\">\n\t\t\t\t<div class=\"elementor-widget-container\">\n\t\t\t\t\t\r\n\t\t<div class=\"wcf--image-box style-2\">\r\n\t\t\t<div class=\"thumb\">\r\n\t\t\t\t<img decoding=\"async\" width=\"740\" height=\"493\" src=\"https:\/\/hopservicesarl.com\/wp-content\/uploads\/2026\/04\/mettre-pieces-argent-dans-bouteille-verre-pour-financement-affaires-fonds-communs-placement-investissement-place-manuel-contenu-economiser-argent-pour-education_1150-45710.jpg\" class=\"attachment-full size-full wp-image-1468\" alt=\"\" srcset=\"https:\/\/hopservicesarl.com\/wp-content\/uploads\/2026\/04\/mettre-pieces-argent-dans-bouteille-verre-pour-financement-affaires-fonds-communs-placement-investissement-place-manuel-contenu-economiser-argent-pour-education_1150-45710.jpg 740w, https:\/\/hopservicesarl.com\/wp-content\/uploads\/2026\/04\/mettre-pieces-argent-dans-bouteille-verre-pour-financement-affaires-fonds-communs-placement-investissement-place-manuel-contenu-economiser-argent-pour-education_1150-45710-300x200.jpg 300w\" sizes=\"(max-width: 740px) 100vw, 740px\" \/>\t\t\t<\/div>\r\n\t\t\t<div class=\"content\">\r\n\t\t\t\t<div class=\"wrap\">\r\n\t\t\t\t\t\r\n\t\t\t\t\t\r\n\t\t\t\t\t\t\t\t\t\t\t<div class=\"title-wrap\">\r\n\t\t\t\t\t\t\t\r\n\t\t\t\t\t\t\t<h4 class=\"title\">\r\n\t\t\t\t\t\t\t\t \tPaiement des frais de scolarit\u00e9 \t\t\t\t\t\t\t<\/h4>\r\n\t\t\t\t\t\t<\/div>\r\n\t\t\t\t\t\r\n\t\t\t\t\t\t\t\t\t\t\t<div class=\"description\">Nous assurons le paiement de tous vos frais de scolarit\u00e9 : \n\u2022\tSEDUC \n\u2022\tMINESEC \n\u2022\tDEC \n<\/div>\r\n\t\t\t\t\t\r\n\t\t\t\t\t\t\t\t\t<\/div>\r\n\t\t\t<\/div>\r\n\t\t<\/div>\r\n\t\t\t\t\t\t<\/div>\n\t\t\t\t<\/div>\n\t\t\t\t<\/div>\n\t\t<div class=\"elementor-element elementor-element-4e25db0 e-con-full e-flex jltma-glass-effect-no wcf-starter-animations-none e-con e-child\" data-id=\"4e25db0\" data-element_type=\"container\" data-e-type=\"container\">\n\t\t\t\t<div class=\"elementor-element elementor-element-29867bf img-box-wrap-left wcf--image-effect-zoom-in jltma-glass-effect-no elementor-widget elementor-widget-wcf--image-box\" data-id=\"29867bf\" data-element_type=\"widget\" data-e-type=\"widget\" data-widget_type=\"wcf--image-box.default\">\n\t\t\t\t<div class=\"elementor-widget-container\">\n\t\t\t\t\t\r\n\t\t<div class=\"wcf--image-box style-2\">\r\n\t\t\t<div class=\"thumb\">\r\n\t\t\t\t<img decoding=\"async\" width=\"299\" height=\"168\" src=\"https:\/\/hopservicesarl.com\/wp-content\/uploads\/2026\/04\/images-6.jpg\" class=\"attachment-full size-full wp-image-1469\" alt=\"\" \/>\t\t\t<\/div>\r\n\t\t\t<div class=\"content\">\r\n\t\t\t\t<div class=\"wrap\">\r\n\t\t\t\t\t\r\n\t\t\t\t\t\r\n\t\t\t\t\t\t\t\t\t\t\t<div class=\"title-wrap\">\r\n\t\t\t\t\t\t\t\r\n\t\t\t\t\t\t\t<h4 class=\"title\">\r\n\t\t\t\t\t\t\t\t \tPaiement des frais d\u2019examen\t\t\t\t\t\t\t<\/h4>\r\n\t\t\t\t\t\t<\/div>\r\n\t\t\t\t\t\r\n\t\t\t\t\t\t\t\t\t\t\t<div class=\"description\">R\u00e9glez vos frais d\u2019examen (OBC, et autres) dans nos points de vente, avec une prise en charge compl\u00e8te et une proc\u00e9dure simplifi\u00e9e.<\/div>\r\n\t\t\t\t\t\r\n\t\t\t\t\t\t\t\t\t<\/div>\r\n\t\t\t<\/div>\r\n\t\t<\/div>\r\n\t\t\t\t\t\t<\/div>\n\t\t\t\t<\/div>\n\t\t\t\t<\/div>\n\t\t<div class=\"elementor-element elementor-element-1a91e87 e-con-full e-flex jltma-glass-effect-no wcf-starter-animations-none e-con e-child\" data-id=\"1a91e87\" data-element_type=\"container\" data-e-type=\"container\">\n\t\t\t\t<div class=\"elementor-element elementor-element-d3e369b img-box-wrap-left wcf--image-effect-zoom-in jltma-glass-effect-no elementor-widget elementor-widget-wcf--image-box\" data-id=\"d3e369b\" data-element_type=\"widget\" data-e-type=\"widget\" data-widget_type=\"wcf--image-box.default\">\n\t\t\t\t<div class=\"elementor-widget-container\">\n\t\t\t\t\t\r\n\t\t<div class=\"wcf--image-box style-2\">\r\n\t\t\t<div class=\"thumb\">\r\n\t\t\t\t<img loading=\"lazy\" decoding=\"async\" width=\"1200\" height=\"800\" src=\"https:\/\/hopservicesarl.com\/wp-content\/uploads\/2026\/04\/Police-Camerounaise.jpeg\" class=\"attachment-full size-full wp-image-1470\" alt=\"\" srcset=\"https:\/\/hopservicesarl.com\/wp-content\/uploads\/2026\/04\/Police-Camerounaise.jpeg 1200w, https:\/\/hopservicesarl.com\/wp-content\/uploads\/2026\/04\/Police-Camerounaise-300x200.jpeg 300w, https:\/\/hopservicesarl.com\/wp-content\/uploads\/2026\/04\/Police-Camerounaise-1024x683.jpeg 1024w, https:\/\/hopservicesarl.com\/wp-content\/uploads\/2026\/04\/Police-Camerounaise-768x512.jpeg 768w\" sizes=\"(max-width: 1200px) 100vw, 1200px\" \/>\t\t\t<\/div>\r\n\t\t\t<div class=\"content\">\r\n\t\t\t\t<div class=\"wrap\">\r\n\t\t\t\t\t\r\n\t\t\t\t\t\r\n\t\t\t\t\t\t\t\t\t\t\t<div class=\"title-wrap\">\r\n\t\t\t\t\t\t\t\r\n\t\t\t\t\t\t\t<h4 class=\"title\">\r\n\t\t\t\t\t\t\t\t \tPaiement des frais de concours\t\t\t\t\t\t\t<\/h4>\r\n\t\t\t\t\t\t<\/div>\r\n\t\t\t\t\t\r\n\t\t\t\t\t\t\t\t\t\t\t<div class=\"description\">Nous prenons en charge les paiements li\u00e9s aux concours, notamment : \u2022Concours de la Police\n\u2022\tConcours de la Gendarmerie\n\u2022\tConcours de l\u2019\u00e9cole Normale\n\u2022\tEt autres concours officiels\n<\/div>\r\n\t\t\t\t\t\r\n\t\t\t\t\t\t\t\t\t<\/div>\r\n\t\t\t<\/div>\r\n\t\t<\/div>\r\n\t\t\t\t\t\t<\/div>\n\t\t\t\t<\/div>\n\t\t\t\t<\/div>\n\t\t\t\t<\/div>\n\t\t\t\t\t<\/div>\n\t\t\t\t<\/div>\n\t\t<div class=\"elementor-element elementor-element-9bda023 e-flex e-con-boxed jltma-glass-effect-no wcf-starter-animations-none e-con e-parent\" data-id=\"9bda023\" data-element_type=\"container\" data-e-type=\"container\" data-settings=\"{&quot;background_background&quot;:&quot;classic&quot;}\">\n\t\t\t\t\t<div class=\"e-con-inner\">\n\t\t<div class=\"elementor-element elementor-element-9654629 e-con-full e-flex jltma-glass-effect-no wcf-starter-animations-none e-con e-child\" data-id=\"9654629\" data-element_type=\"container\" data-e-type=\"container\">\n\t\t<div class=\"elementor-element elementor-element-9e86f93 e-con-full e-flex jltma-glass-effect-no wcf-starter-animations-none e-con e-child\" data-id=\"9e86f93\" data-element_type=\"container\" data-e-type=\"container\">\n\t\t\t\t<div class=\"elementor-element elementor-element-4b34797 wcf-starter-animations-none jltma-glass-effect-no elementor-widget elementor-widget-heading\" data-id=\"4b34797\" data-element_type=\"widget\" data-e-type=\"widget\" data-settings=\"{&quot;wcf_starter_animations&quot;:&quot;none&quot;,&quot;wcf_anim_duration&quot;:1000,&quot;wcf_anim_delay&quot;:0,&quot;wcf_anim_ease&quot;:&quot;ease&quot;}\" data-widget_type=\"heading.default\">\n\t\t\t\t\t<h2 class=\"elementor-heading-title elementor-size-default\">Les d\u00e9lais approchent ? Ne prenez aucun risque.<\/h2>\t\t\t\t<\/div>\n\t\t\t\t<div class=\"elementor-element elementor-element-f299aa1 jltma-glass-effect-no elementor-widget elementor-widget-button\" data-id=\"f299aa1\" data-element_type=\"widget\" data-e-type=\"widget\" data-widget_type=\"button.default\">\n\t\t\t\t\t\t\t\t\t\t<a class=\"elementor-button elementor-button-link elementor-size-sm\" href=\"https:\/\/hopservicesarl.com\/index.php\/notre-reseau\/\">\n\t\t\t\t\t\t<span class=\"elementor-button-content-wrapper\">\n\t\t\t\t\t\t\t\t\t<span class=\"elementor-button-text\">Trouver l'agence HSS la plus proche<\/span>\n\t\t\t\t\t<\/span>\n\t\t\t\t\t<\/a>\n\t\t\t\t\t\t\t\t<\/div>\n\t\t\t\t<\/div>\n\t\t<div class=\"elementor-element elementor-element-c8565db e-con-full e-flex jltma-glass-effect-no wcf-starter-animations-none e-con e-child\" data-id=\"c8565db\" data-element_type=\"container\" data-e-type=\"container\" data-settings=\"{&quot;background_background&quot;:&quot;classic&quot;}\">\n\t\t\t\t<\/div>\n\t\t\t\t<\/div>\n\t\t\t\t\t<\/div>\n\t\t\t\t<\/div>\n\t\t\t\t<\/div>\n\t\t\n    <div class=\"xs_social_share_widget xs_share_url after_content \t\tmain_content  wslu-style-1 wslu-share-box-shaped wslu-fill-colored wslu-none wslu-share-horizontal wslu-theme-font-no wslu-main_content\">\n\n\t\t\n        <ul>\n\t\t\t        <\/ul>\n    <\/div> \n","protected":false},"excerpt":{"rendered":"<p>Frais de Scolarit\u00e9, Examens &amp; Concours. Assurez votre avenir sans stress Chez HOP, nous facilitons tous vos paiements li\u00e9s \u00e0 l\u2019\u00e9ducation et \u00e0 la formation. Gr\u00e2ce \u00e0 notre r\u00e9seau de 150 points de vente r\u00e9partis sur l\u2019ensemble du territoire national, vous pouvez r\u00e9gler vos frais en toute s\u00e9curit\u00e9, rapidement et sans contrainte. Trouver l&rsquo;agence la [&hellip;]<\/p>\n","protected":false},"author":1,"featured_media":0,"parent":109,"menu_order":0,"comment_status":"closed","ping_status":"closed","template":"","meta":{"_acf_changed":false,"footnotes":""},"class_list":["post-1444","page","type-page","status-publish","hentry"],"acf":[],"_links":{"self":[{"href":"https:\/\/hopservicesarl.com\/index.php\/wp-json\/wp\/v2\/pages\/1444","targetHints":{"allow":["GET"]}}],"collection":[{"href":"https:\/\/hopservicesarl.com\/index.php\/wp-json\/wp\/v2\/pages"}],"about":[{"href":"https:\/\/hopservicesarl.com\/index.php\/wp-json\/wp\/v2\/types\/page"}],"author":[{"embeddable":true,"href":"https:\/\/hopservicesarl.com\/index.php\/wp-json\/wp\/v2\/users\/1"}],"replies":[{"embeddable":true,"href":"https:\/\/hopservicesarl.com\/index.php\/wp-json\/wp\/v2\/comments?post=1444"}],"version-history":[{"count":41,"href":"https:\/\/hopservicesarl.com\/index.php\/wp-json\/wp\/v2\/pages\/1444\/revisions"}],"predecessor-version":[{"id":1678,"href":"https:\/\/hopservicesarl.com\/index.php\/wp-json\/wp\/v2\/pages\/1444\/revisions\/1678"}],"up":[{"embeddable":true,"href":"https:\/\/hopservicesarl.com\/index.php\/wp-json\/wp\/v2\/pages\/109"}],"wp:attachment":[{"href":"https:\/\/hopservicesarl.com\/index.php\/wp-json\/wp\/v2\/media?parent=1444"}],"curies":[{"name":"wp","href":"https:\/\/api.w.org\/{rel}","templated":true}]}}